{"id":6,"date":"2022-10-19T07:26:10","date_gmt":"2022-10-19T07:26:10","guid":{"rendered":"https:\/\/genesisofwishes.ch\/?page_id=6"},"modified":"2022-10-20T16:15:30","modified_gmt":"2022-10-20T16:15:30","slug":"wie-entstand-genesis-of-wishes","status":"publish","type":"page","link":"https:\/\/genesisofwishes.ch\/","title":{"rendered":"Wie entstand \u00abGenesis of wishes\u00bb"},"content":{"rendered":"\n<p>Mein Name ist Gaby Wirz.<\/p>\n\n\n<div class=\"wp-block-image\">\n<figure class=\"alignleft size-large is-resized\"><img loading=\"lazy\" decoding=\"async\" src=\"https:\/\/genesisofwishes.ch\/wp-content\/uploads\/2022\/10\/PErsoenlich-1-768x1024.jpg\" alt=\"\" class=\"wp-image-112\" width=\"192\" height=\"256\" srcset=\"https:\/\/genesisofwishes.ch\/wp-content\/uploads\/2022\/10\/PErsoenlich-1-768x1024.jpg 768w, https:\/\/genesisofwishes.ch\/wp-content\/uploads\/2022\/10\/PErsoenlich-1-225x300.jpg 225w, https:\/\/genesisofwishes.ch\/wp-content\/uploads\/2022\/10\/PErsoenlich-1-1152x1536.jpg 1152w, https:\/\/genesisofwishes.ch\/wp-content\/uploads\/2022\/10\/PErsoenlich-1.jpg 1461w\" sizes=\"auto, (max-width: 192px) 100vw, 192px\" \/><\/figure>\n<\/div>\n\n\n<p>Zusammen mit meinem Ehemann und unserer Tochter wohne ich in Lyss in unserem wunderbaren Haus mit Garten.<\/p>\n\n\n\n<p>Ich arbeite als Spielgruppenleiterin und brauchte mal wieder etwas zu tun, das mich gleichzeitig zur Ruhe bringt, wie auch auf andere Gedanken.<\/p>\n\n\n\n<p>Da ich schon als Kind sehr gerne Handwerkelte und auch bald mal das N\u00e4hen f\u00fcr mich entdeckte, kam ich rasch auf das N\u00e4hen zur\u00fcck. Es ergab sich, dass ein paar Kolleginnen schwanger waren und ich ihnen gerne was f\u00fcr die Spr\u00f6sslinge n\u00e4hen wollte.<\/p>\n\n\n\n<p>Schnell waren einfache Schnittmuster gefunden und auch die Idee, was ich machen wollte. Nat\u00fcrlich gab es Stoffresten aus den gen\u00e4hten Geschenken. Ich wollte die nicht einfach wegwerfen und so gab es an einem regnerischen Sonntag mal schnell 7 verschiedene Finken und ein paar Sabberl\u00e4tzchen.<\/p>\n\n\n\n<p>Nun war ich begeistert und kreierte auch gleich ein Label.<\/p>\n\n\n\n<p>Auch in den Gesch\u00e4ften schaue ich mich oft bei den Stoffresten um, denn ich finde da gibt es immer einzigartige St\u00fccke. Genau deshalb sind meine Babysachen <strong>alles Einzelst\u00fccke<\/strong> und <strong>immer nur in einer Gr\u00f6sse verf\u00fcgbar<\/strong>. Mein Sortiment ist dadurch abwechslungsreich und nie dasselbe.<\/p>\n\n\n\n<p>Schau doch gleich auf meiner Webseite rein oder besuch mich im Harassen-Shop in Ammerzwil. (zentrum-ammerzwil.online)<\/p>\n\n\n\n<p>Ich freue mich \u00fcber einen Besuch von dir.<\/p>\n\n\n\n<figure class=\"wp-block-gallery has-nested-images columns-default is-cropped wp-block-gallery-1 is-layout-flex wp-block-gallery-is-layout-flex\">\n<figure class=\"wp-block-image size-large\"><a href=\"https:\/\/genesisofwishes.ch\/wp-content\/uploads\/2022\/10\/Harasse2-scaled.jpg\"><img loading=\"lazy\" decoding=\"async\" width=\"2560\" height=\"1920\" data-id=\"96\" src=\"https:\/\/genesisofwishes.ch\/wp-content\/uploads\/2022\/10\/Harasse2-scaled.jpg\" alt=\"\" class=\"wp-image-96\" srcset=\"https:\/\/genesisofwishes.ch\/wp-content\/uploads\/2022\/10\/Harasse2-scaled.jpg 2560w, https:\/\/genesisofwishes.ch\/wp-content\/uploads\/2022\/10\/Harasse2-300x225.jpg 300w, https:\/\/genesisofwishes.ch\/wp-content\/uploads\/2022\/10\/Harasse2-1024x768.jpg 1024w, https:\/\/genesisofwishes.ch\/wp-content\/uploads\/2022\/10\/Harasse2-768x576.jpg 768w, https:\/\/genesisofwishes.ch\/wp-content\/uploads\/2022\/10\/Harasse2-1536x1152.jpg 1536w, https:\/\/genesisofwishes.ch\/wp-content\/uploads\/2022\/10\/Harasse2-2048x1536.jpg 2048w, https:\/\/genesisofwishes.ch\/wp-content\/uploads\/2022\/10\/Harasse2-1568x1176.jpg 1568w\" sizes=\"auto, (max-width: 2560px) 100vw, 2560px\" \/><\/a><\/figure>\n\n\n\n<figure class=\"wp-block-image size-large\"><a href=\"https:\/\/genesisofwishes.ch\/wp-content\/uploads\/2022\/10\/harasse1-scaled.jpg\"><img loading=\"lazy\" decoding=\"async\" width=\"1920\" height=\"2560\" data-id=\"95\" src=\"https:\/\/genesisofwishes.ch\/wp-content\/uploads\/2022\/10\/harasse1-scaled.jpg\" alt=\"\" class=\"wp-image-95\" srcset=\"https:\/\/genesisofwishes.ch\/wp-content\/uploads\/2022\/10\/harasse1-scaled.jpg 1920w, https:\/\/genesisofwishes.ch\/wp-content\/uploads\/2022\/10\/harasse1-225x300.jpg 225w, https:\/\/genesisofwishes.ch\/wp-content\/uploads\/2022\/10\/harasse1-768x1024.jpg 768w, https:\/\/genesisofwishes.ch\/wp-content\/uploads\/2022\/10\/harasse1-1152x1536.jpg 1152w, https:\/\/genesisofwishes.ch\/wp-content\/uploads\/2022\/10\/harasse1-1536x2048.jpg 1536w, https:\/\/genesisofwishes.ch\/wp-content\/uploads\/2022\/10\/harasse1-1568x2091.jpg 1568w\" sizes=\"auto, (max-width: 1920px) 100vw, 1920px\" \/><\/a><\/figure>\n<\/figure>\n","protected":false},"excerpt":{"rendered":"<p>Mein Name ist Gaby Wirz. Zusammen mit meinem Ehemann und unserer Tochter wohne ich in Lyss in unserem wunderbaren Haus mit Garten. Ich arbeite als Spielgruppenleiterin und brauchte mal wieder etwas zu tun, das mich gleichzeitig zur Ruhe bringt, wie auch auf andere Gedanken. Da ich schon als Kind sehr gerne Handwerkelte und auch bald&hellip; <a class=\"more-link\" href=\"https:\/\/genesisofwishes.ch\/\"><span class=\"screen-reader-text\">Wie entstand \u00abGenesis of wishes\u00bb<\/span> weiterlesen<\/a><\/p>\n","protected":false},"author":2,"featured_media":0,"parent":0,"menu_order":0,"comment_status":"closed","ping_status":"closed","template":"","meta":{"footnotes":""},"class_list":["post-6","page","type-page","status-publish","hentry","entry"],"_links":{"self":[{"href":"https:\/\/genesisofwishes.ch\/index.php\/wp-json\/wp\/v2\/pages\/6","targetHints":{"allow":["GET"]}}],"collection":[{"href":"https:\/\/genesisofwishes.ch\/index.php\/wp-json\/wp\/v2\/pages"}],"about":[{"href":"https:\/\/genesisofwishes.ch\/index.php\/wp-json\/wp\/v2\/types\/page"}],"author":[{"embeddable":true,"href":"https:\/\/genesisofwishes.ch\/index.php\/wp-json\/wp\/v2\/users\/2"}],"replies":[{"embeddable":true,"href":"https:\/\/genesisofwishes.ch\/index.php\/wp-json\/wp\/v2\/comments?post=6"}],"version-history":[{"count":7,"href":"https:\/\/genesisofwishes.ch\/index.php\/wp-json\/wp\/v2\/pages\/6\/revisions"}],"predecessor-version":[{"id":134,"href":"https:\/\/genesisofwishes.ch\/index.php\/wp-json\/wp\/v2\/pages\/6\/revisions\/134"}],"wp:attachment":[{"href":"https:\/\/genesisofwishes.ch\/index.php\/wp-json\/wp\/v2\/media?parent=6"}],"curies":[{"name":"wp","href":"https:\/\/api.w.org\/{rel}","templated":true}]}}