{"id":19,"date":"2022-10-19T07:38:48","date_gmt":"2022-10-19T07:38:48","guid":{"rendered":"https:\/\/genesisofwishes.ch\/?page_id=19"},"modified":"2022-12-01T15:29:12","modified_gmt":"2022-12-01T15:29:12","slug":"angebot-babykleider","status":"publish","type":"page","link":"https:\/\/genesisofwishes.ch\/index.php\/angebot-babykleider\/","title":{"rendered":"Angebot Babysachen"},"content":{"rendered":"<p class=\"has-text-align-center\">\n<\/p><p class=\"has-text-align-center\"><em><strong>Alle Produkte gibt es genau nur einmal in genau der Gr\u00f6sse wie hier abgebildet. Da ich mit Reststoffen arbeite, kann ich kein Produkt in einer anderen Gr\u00f6sse oder in zweifacher Ausf\u00fchrung anbieten. <\/strong><\/em><br><em><strong>Daher sind all die aufgef\u00fchrten Produkte einzigartige Einzelst\u00fccke!<\/strong><\/em><\/p>\n\n\n<p class=\"has-text-align-center\"> Du darfst mir sehr gerne eine E-Mail machen mit Deiner <a href=\"https:\/\/genesisofwishes.ch\/index.php\/bestellliste\/\" data-type=\"page\" data-id=\"90\" target=\"_blank\" rel=\"noreferrer noopener\">Bestellung!<\/a><\/p>\n\n\n\n<p><\/p>\n\n\n<div class=\"wp-block-image\">\n<figure class=\"aligncenter size-large\"><a href=\"https:\/\/genesisofwishes.ch\/wp-content\/uploads\/2022\/12\/chleidliblau-scaled.jpg\"><img loading=\"lazy\" decoding=\"async\" width=\"817\" height=\"1024\" src=\"https:\/\/genesisofwishes.ch\/wp-content\/uploads\/2022\/12\/chleidliblau-817x1024.jpg\" alt=\"\" class=\"wp-image-178\" srcset=\"https:\/\/genesisofwishes.ch\/wp-content\/uploads\/2022\/12\/chleidliblau-817x1024.jpg 817w, https:\/\/genesisofwishes.ch\/wp-content\/uploads\/2022\/12\/chleidliblau-239x300.jpg 239w, https:\/\/genesisofwishes.ch\/wp-content\/uploads\/2022\/12\/chleidliblau-768x963.jpg 768w, https:\/\/genesisofwishes.ch\/wp-content\/uploads\/2022\/12\/chleidliblau-1225x1536.jpg 1225w, https:\/\/genesisofwishes.ch\/wp-content\/uploads\/2022\/12\/chleidliblau-1634x2048.jpg 1634w, https:\/\/genesisofwishes.ch\/wp-content\/uploads\/2022\/12\/chleidliblau-1568x1966.jpg 1568w, https:\/\/genesisofwishes.ch\/wp-content\/uploads\/2022\/12\/chleidliblau-scaled.jpg 2042w\" sizes=\"auto, (max-width: 817px) 100vw, 817px\" \/><\/a><figcaption class=\"wp-element-caption\">R\u00f6ckli \/ Tunika<\/figcaption><\/figure>\n<\/div>\n\n\n<div class=\"wp-block-group\"><div class=\"wp-block-group__inner-container is-layout-flow wp-block-group-is-layout-flow\">\n<p><strong>R\u00f6ckli \/ Tunika<\/strong><\/p>\n\n\n\n<ol class=\"wp-block-list\" type=\"1\">\n<li>Blau-Punkte \/ Gr. 74<br><strong>Preis: 25.-<\/strong><br>Bestellnummer RT + Nummer<\/li>\n<\/ol>\n<\/div><\/div>\n\n\n\n<p><\/p>\n\n\n<div class=\"wp-block-image\">\n<figure class=\"aligncenter size-large is-resized\"><a href=\"https:\/\/genesisofwishes.ch\/wp-content\/uploads\/2022\/10\/hosenweiss-scaled.jpg\"><img loading=\"lazy\" decoding=\"async\" src=\"https:\/\/genesisofwishes.ch\/wp-content\/uploads\/2022\/10\/hosenweiss-768x1024.jpg\" alt=\"\" class=\"wp-image-31\" width=\"384\" height=\"512\" srcset=\"https:\/\/genesisofwishes.ch\/wp-content\/uploads\/2022\/10\/hosenweiss-768x1024.jpg 768w, https:\/\/genesisofwishes.ch\/wp-content\/uploads\/2022\/10\/hosenweiss-225x300.jpg 225w, https:\/\/genesisofwishes.ch\/wp-content\/uploads\/2022\/10\/hosenweiss-1152x1536.jpg 1152w, https:\/\/genesisofwishes.ch\/wp-content\/uploads\/2022\/10\/hosenweiss-1536x2048.jpg 1536w, https:\/\/genesisofwishes.ch\/wp-content\/uploads\/2022\/10\/hosenweiss-1568x2091.jpg 1568w, https:\/\/genesisofwishes.ch\/wp-content\/uploads\/2022\/10\/hosenweiss-scaled.jpg 1920w\" sizes=\"auto, (max-width: 384px) 100vw, 384px\" \/><\/a><figcaption class=\"wp-element-caption\"><em>Leggins grau<\/em><\/figcaption><\/figure>\n<\/div>\n\n\n<div class=\"wp-block-group is-style-default has-white-color has-text-color has-small-font-size\"><div class=\"wp-block-group__inner-container is-layout-flow wp-block-group-is-layout-flow\">\n<p><strong>Leggins<\/strong><\/p>\n\n\n\n<ol class=\"wp-block-list\" type=\"1\">\n<li>Grau \/ Gr. 80<br><strong>Preis: 22.-<\/strong><br>Bestellnummer L + Nummer<\/li>\n<\/ol>\n<\/div><\/div>\n\n\n\n<p><\/p>\n\n\n\n<p><\/p>\n\n\n<div class=\"wp-block-image\">\n<figure class=\"aligncenter size-large is-resized\"><a href=\"https:\/\/genesisofwishes.ch\/wp-content\/uploads\/2022\/10\/hoeslibluemepuenktli-scaled.jpg\"><img loading=\"lazy\" decoding=\"async\" src=\"https:\/\/genesisofwishes.ch\/wp-content\/uploads\/2022\/10\/hoeslibluemepuenktli-1024x768.jpg\" alt=\"\" class=\"wp-image-32\" width=\"512\" height=\"384\" srcset=\"https:\/\/genesisofwishes.ch\/wp-content\/uploads\/2022\/10\/hoeslibluemepuenktli-1024x768.jpg 1024w, https:\/\/genesisofwishes.ch\/wp-content\/uploads\/2022\/10\/hoeslibluemepuenktli-300x225.jpg 300w, https:\/\/genesisofwishes.ch\/wp-content\/uploads\/2022\/10\/hoeslibluemepuenktli-768x576.jpg 768w, https:\/\/genesisofwishes.ch\/wp-content\/uploads\/2022\/10\/hoeslibluemepuenktli-1536x1152.jpg 1536w, https:\/\/genesisofwishes.ch\/wp-content\/uploads\/2022\/10\/hoeslibluemepuenktli-2048x1536.jpg 2048w, https:\/\/genesisofwishes.ch\/wp-content\/uploads\/2022\/10\/hoeslibluemepuenktli-1568x1176.jpg 1568w\" sizes=\"auto, (max-width: 512px) 100vw, 512px\" \/><\/a><figcaption class=\"wp-element-caption\"><em>Kurze Pumphosen<\/em> <\/figcaption><\/figure>\n<\/div>\n\n\n<div class=\"wp-block-group is-style-default has-white-color has-text-color\"><div class=\"wp-block-group__inner-container is-layout-flow wp-block-group-is-layout-flow\">\n<p><strong>Kurze Pumphosen<\/strong><br><br>1. Blau-Punkte \/ Gr. 56-62<br>2. Blumen \/ Gr. 68-74<br>    <strong>Preis: 20.-<\/strong><br>    Bestellnummer KP + Nummer<\/p>\n<\/div><\/div>\n\n\n\n<p><\/p>\n\n\n\n<p><\/p>\n\n\n<div class=\"wp-block-image\">\n<figure class=\"aligncenter size-large is-resized\"><a href=\"https:\/\/genesisofwishes.ch\/wp-content\/uploads\/2022\/10\/roeckligrueen-scaled.jpg\"><img loading=\"lazy\" decoding=\"async\" src=\"https:\/\/genesisofwishes.ch\/wp-content\/uploads\/2022\/10\/roeckligrueen-1024x768.jpg\" alt=\"\" class=\"wp-image-33\" width=\"512\" height=\"384\" srcset=\"https:\/\/genesisofwishes.ch\/wp-content\/uploads\/2022\/10\/roeckligrueen-1024x768.jpg 1024w, https:\/\/genesisofwishes.ch\/wp-content\/uploads\/2022\/10\/roeckligrueen-300x225.jpg 300w, https:\/\/genesisofwishes.ch\/wp-content\/uploads\/2022\/10\/roeckligrueen-768x576.jpg 768w, https:\/\/genesisofwishes.ch\/wp-content\/uploads\/2022\/10\/roeckligrueen-1536x1152.jpg 1536w, https:\/\/genesisofwishes.ch\/wp-content\/uploads\/2022\/10\/roeckligrueen-2048x1536.jpg 2048w, https:\/\/genesisofwishes.ch\/wp-content\/uploads\/2022\/10\/roeckligrueen-1568x1176.jpg 1568w\" sizes=\"auto, (max-width: 512px) 100vw, 512px\" \/><\/a><figcaption class=\"wp-element-caption\"><em>Jupli<\/em> <em>Gr\u00fcn-Schmetterling<\/em><\/figcaption><\/figure>\n<\/div>\n\n\n<div class=\"wp-block-group has-white-color has-text-color\"><div class=\"wp-block-group__inner-container is-layout-flow wp-block-group-is-layout-flow\">\n<p><strong>Jupli<\/strong><\/p>\n\n\n\n<ol class=\"wp-block-list\" type=\"1\">\n<li>Gr\u00fcn-Schmetterling \/ Gr. 80<br><strong>Preis: 20.-<\/strong><br>Bestellnummer Ju + Nummer<\/li>\n<\/ol>\n<\/div><\/div>\n\n\n\n<p><\/p>\n\n\n<div class=\"wp-block-image\">\n<figure class=\"aligncenter size-large is-resized\"><a href=\"https:\/\/genesisofwishes.ch\/wp-content\/uploads\/2022\/10\/shirtblaettli-scaled.jpg\"><img loading=\"lazy\" decoding=\"async\" src=\"https:\/\/genesisofwishes.ch\/wp-content\/uploads\/2022\/10\/shirtblaettli-1024x768.jpg\" alt=\"\" class=\"wp-image-36\" width=\"512\" height=\"384\" srcset=\"https:\/\/genesisofwishes.ch\/wp-content\/uploads\/2022\/10\/shirtblaettli-1024x768.jpg 1024w, https:\/\/genesisofwishes.ch\/wp-content\/uploads\/2022\/10\/shirtblaettli-300x225.jpg 300w, https:\/\/genesisofwishes.ch\/wp-content\/uploads\/2022\/10\/shirtblaettli-768x576.jpg 768w, https:\/\/genesisofwishes.ch\/wp-content\/uploads\/2022\/10\/shirtblaettli-1536x1152.jpg 1536w, https:\/\/genesisofwishes.ch\/wp-content\/uploads\/2022\/10\/shirtblaettli-2048x1536.jpg 2048w, https:\/\/genesisofwishes.ch\/wp-content\/uploads\/2022\/10\/shirtblaettli-1568x1176.jpg 1568w\" sizes=\"auto, (max-width: 512px) 100vw, 512px\" \/><\/a><figcaption class=\"wp-element-caption\"><em>Tunika mini<\/em><\/figcaption><\/figure>\n<\/div>\n\n\n<div class=\"wp-block-group has-white-color has-text-color\"><div class=\"wp-block-group__inner-container is-layout-flow wp-block-group-is-layout-flow\">\n<p><strong>Tunika mini<\/strong><\/p>\n\n\n\n<ol class=\"wp-block-list\" type=\"1\">\n<li>Weiss- Bl\u00e4tter \/ Gr. 3-6 Monate<br><strong>Preis: 23.-<\/strong><br>Bestellnummer TM + Nummer<\/li>\n<\/ol>\n<\/div><\/div>\n\n\n\n<figure class=\"wp-block-image size-large\"><img loading=\"lazy\" decoding=\"async\" width=\"1024\" height=\"768\" src=\"https:\/\/genesisofwishes.ch\/wp-content\/uploads\/2022\/10\/Bissrinkgpunktundstreife-1024x768.jpg\" alt=\"\" class=\"wp-image-24\" srcset=\"https:\/\/genesisofwishes.ch\/wp-content\/uploads\/2022\/10\/Bissrinkgpunktundstreife-1024x768.jpg 1024w, https:\/\/genesisofwishes.ch\/wp-content\/uploads\/2022\/10\/Bissrinkgpunktundstreife-300x225.jpg 300w, https:\/\/genesisofwishes.ch\/wp-content\/uploads\/2022\/10\/Bissrinkgpunktundstreife-768x576.jpg 768w, https:\/\/genesisofwishes.ch\/wp-content\/uploads\/2022\/10\/Bissrinkgpunktundstreife-1536x1152.jpg 1536w, https:\/\/genesisofwishes.ch\/wp-content\/uploads\/2022\/10\/Bissrinkgpunktundstreife-2048x1536.jpg 2048w, https:\/\/genesisofwishes.ch\/wp-content\/uploads\/2022\/10\/Bissrinkgpunktundstreife-1568x1176.jpg 1568w\" sizes=\"auto, (max-width: 1024px) 100vw, 1024px\" \/><\/figure>\n\n\n\n<p><strong>Greiflinge<\/strong><\/p>\n\n\n\n<ol class=\"wp-block-list\">\n<li>Streifen<\/li>\n\n\n\n<li>Punkte<br><strong>Preis: 15.-<\/strong><br>Bestellnummer G + Nummer<\/li>\n<\/ol>\n\n\n\n<figure class=\"wp-block-image size-large\"><img loading=\"lazy\" decoding=\"async\" width=\"768\" height=\"1024\" src=\"https:\/\/genesisofwishes.ch\/wp-content\/uploads\/2022\/10\/Latzstern-1-768x1024.jpg\" alt=\"\" class=\"wp-image-55\" srcset=\"https:\/\/genesisofwishes.ch\/wp-content\/uploads\/2022\/10\/Latzstern-1-768x1024.jpg 768w, https:\/\/genesisofwishes.ch\/wp-content\/uploads\/2022\/10\/Latzstern-1-225x300.jpg 225w, https:\/\/genesisofwishes.ch\/wp-content\/uploads\/2022\/10\/Latzstern-1-1152x1536.jpg 1152w, https:\/\/genesisofwishes.ch\/wp-content\/uploads\/2022\/10\/Latzstern-1-1536x2048.jpg 1536w, https:\/\/genesisofwishes.ch\/wp-content\/uploads\/2022\/10\/Latzstern-1-1568x2091.jpg 1568w, https:\/\/genesisofwishes.ch\/wp-content\/uploads\/2022\/10\/Latzstern-1-scaled.jpg 1920w\" sizes=\"auto, (max-width: 768px) 100vw, 768px\" \/><\/figure>\n\n\n\n<p><strong>Sabberlatz<\/strong><\/p>\n\n\n\n<ol class=\"wp-block-list\">\n<li>Grau-Sterne<br><strong>Preis 12<\/strong>.- <br>Bestellnummer S + Nummer<\/li>\n<\/ol>\n\n\n\n<figure class=\"wp-block-image size-large\"><img loading=\"lazy\" decoding=\"async\" width=\"1024\" height=\"768\" src=\"https:\/\/genesisofwishes.ch\/wp-content\/uploads\/2022\/10\/Bueechli-1024x768.jpg\" alt=\"\" class=\"wp-image-25\" srcset=\"https:\/\/genesisofwishes.ch\/wp-content\/uploads\/2022\/10\/Bueechli-1024x768.jpg 1024w, https:\/\/genesisofwishes.ch\/wp-content\/uploads\/2022\/10\/Bueechli-300x225.jpg 300w, https:\/\/genesisofwishes.ch\/wp-content\/uploads\/2022\/10\/Bueechli-768x576.jpg 768w, https:\/\/genesisofwishes.ch\/wp-content\/uploads\/2022\/10\/Bueechli-1536x1152.jpg 1536w, https:\/\/genesisofwishes.ch\/wp-content\/uploads\/2022\/10\/Bueechli-2048x1536.jpg 2048w, https:\/\/genesisofwishes.ch\/wp-content\/uploads\/2022\/10\/Bueechli-1568x1176.jpg 1568w\" sizes=\"auto, (max-width: 1024px) 100vw, 1024px\" \/><\/figure>\n\n\n\n<p><strong>Knistertuch<\/strong><\/p>\n\n\n\n<ol class=\"wp-block-list\">\n<li>Vogel gr\u00fcn gross<\/li>\n\n\n\n<li>Eule klein<br><strong>Preis: 25.-<\/strong> <br>Bestellnummer K + Nummer<\/li>\n<\/ol>\n\n\n\n<figure class=\"wp-block-image size-large\"><img loading=\"lazy\" decoding=\"async\" width=\"1024\" height=\"768\" src=\"https:\/\/genesisofwishes.ch\/wp-content\/uploads\/2022\/10\/Finklistern-1024x768.jpg\" alt=\"\" class=\"wp-image-30\" srcset=\"https:\/\/genesisofwishes.ch\/wp-content\/uploads\/2022\/10\/Finklistern-1024x768.jpg 1024w, https:\/\/genesisofwishes.ch\/wp-content\/uploads\/2022\/10\/Finklistern-300x225.jpg 300w, https:\/\/genesisofwishes.ch\/wp-content\/uploads\/2022\/10\/Finklistern-768x576.jpg 768w, https:\/\/genesisofwishes.ch\/wp-content\/uploads\/2022\/10\/Finklistern-1536x1152.jpg 1536w, https:\/\/genesisofwishes.ch\/wp-content\/uploads\/2022\/10\/Finklistern-2048x1536.jpg 2048w, https:\/\/genesisofwishes.ch\/wp-content\/uploads\/2022\/10\/Finklistern-1568x1176.jpg 1568w\" sizes=\"auto, (max-width: 1024px) 100vw, 1024px\" \/><\/figure>\n\n\n\n<p><strong>Finken<\/strong><\/p>\n\n\n\n<p>Rosa-grau \/ Gr. 14-15<br><strong>Preis: 15.-<\/strong><br>Bestellnummer F + Nummer<\/p>\n\n\n\n<figure class=\"wp-block-image size-large\"><img loading=\"lazy\" decoding=\"async\" width=\"898\" height=\"1024\" src=\"https:\/\/genesisofwishes.ch\/wp-content\/uploads\/2022\/12\/Schluchstern-898x1024.jpg\" alt=\"\" class=\"wp-image-179\" srcset=\"https:\/\/genesisofwishes.ch\/wp-content\/uploads\/2022\/12\/Schluchstern-898x1024.jpg 898w, https:\/\/genesisofwishes.ch\/wp-content\/uploads\/2022\/12\/Schluchstern-263x300.jpg 263w, https:\/\/genesisofwishes.ch\/wp-content\/uploads\/2022\/12\/Schluchstern-768x876.jpg 768w, https:\/\/genesisofwishes.ch\/wp-content\/uploads\/2022\/12\/Schluchstern-1346x1536.jpg 1346w, https:\/\/genesisofwishes.ch\/wp-content\/uploads\/2022\/12\/Schluchstern-1795x2048.jpg 1795w, https:\/\/genesisofwishes.ch\/wp-content\/uploads\/2022\/12\/Schluchstern-1568x1789.jpg 1568w\" sizes=\"auto, (max-width: 898px) 100vw, 898px\" \/><\/figure>\n\n\n\n<p><strong>M\u00fctze\/Loop<\/strong><\/p>\n\n\n\n<ol class=\"wp-block-list\" type=\"1\">\n<li>M\u00fctze-grau \/ Gr. 6-12 Monate<br><strong>Preis: 20.-<\/strong><br>Bestellnummer M + Nummer<\/li>\n\n\n\n<li>Loop-grau \/ Gr. 6-12 Monate<br><strong>Preis: 18.-<\/strong><br>Bestellnummer LO + Nummer<\/li>\n<\/ol>\n","protected":false},"excerpt":{"rendered":"<p>Alle Produkte gibt es genau nur einmal in genau der Gr\u00f6sse wie hier abgebildet. Da ich mit Reststoffen arbeite, kann ich kein Produkt in einer anderen Gr\u00f6sse oder in zweifacher Ausf\u00fchrung anbieten. Daher sind all die aufgef\u00fchrten Produkte einzigartige Einzelst\u00fccke! Du darfst mir sehr gerne eine E-Mail machen mit Deiner Bestellung! R\u00f6ckli \/ Tunika Leggins&hellip; <a class=\"more-link\" href=\"https:\/\/genesisofwishes.ch\/index.php\/angebot-babykleider\/\"><span class=\"screen-reader-text\">Angebot Babysachen<\/span> weiterlesen<\/a><\/p>\n","protected":false},"author":2,"featured_media":0,"parent":0,"menu_order":0,"comment_status":"closed","ping_status":"closed","template":"","meta":{"footnotes":""},"class_list":["post-19","page","type-page","status-publish","hentry","entry"],"_links":{"self":[{"href":"https:\/\/genesisofwishes.ch\/index.php\/wp-json\/wp\/v2\/pages\/19","targetHints":{"allow":["GET"]}}],"collection":[{"href":"https:\/\/genesisofwishes.ch\/index.php\/wp-json\/wp\/v2\/pages"}],"about":[{"href":"https:\/\/genesisofwishes.ch\/index.php\/wp-json\/wp\/v2\/types\/page"}],"author":[{"embeddable":true,"href":"https:\/\/genesisofwishes.ch\/index.php\/wp-json\/wp\/v2\/users\/2"}],"replies":[{"embeddable":true,"href":"https:\/\/genesisofwishes.ch\/index.php\/wp-json\/wp\/v2\/comments?post=19"}],"version-history":[{"count":56,"href":"https:\/\/genesisofwishes.ch\/index.php\/wp-json\/wp\/v2\/pages\/19\/revisions"}],"predecessor-version":[{"id":184,"href":"https:\/\/genesisofwishes.ch\/index.php\/wp-json\/wp\/v2\/pages\/19\/revisions\/184"}],"wp:attachment":[{"href":"https:\/\/genesisofwishes.ch\/index.php\/wp-json\/wp\/v2\/media?parent=19"}],"curies":[{"name":"wp","href":"https:\/\/api.w.org\/{rel}","templated":true}]}}